{"id":3238,"date":"2026-04-19T00:11:45","date_gmt":"2026-04-19T03:11:45","guid":{"rendered":"https:\/\/calmondivulgacoes.com.br\/?page_id=3238"},"modified":"2026-04-19T00:11:49","modified_gmt":"2026-04-19T03:11:49","slug":"politica-de-cookies","status":"publish","type":"page","link":"https:\/\/calmondivulgacoes.com.br\/en\/politica-de-cookies\/","title":{"rendered":"Pol\u00edtica de Cookies"},"content":{"rendered":"<h1 class=\"wp-block-heading\">Pol\u00edtica de Cookies<\/h1>\n\n\n\n<p>Esta Pol\u00edtica de Cookies explica como&nbsp;<strong>Calmon Divulga\u00e7\u00f5es<\/strong>&nbsp;(&nbsp;<a class=\"\" href=\"https:\/\/lifentia.com\/\" target=\"_blank\" rel=\"noopener\">https:\/\/<\/a>calmondivulgacoes.com.br) usa cookies e tecnologias semelhantes para reconhec\u00ea-lo quando voc\u00ea visita nosso site. Ele explica o que s\u00e3o essas tecnologias e por que as utilizamos, assim como seus direitos de controlar seu uso.<\/p>\n\n\n\n<h2 class=\"wp-block-heading\">1. O que s\u00e3o cookies?<\/h2>\n\n\n\n<p>Cookies s\u00e3o pequenos arquivos de dados colocados no seu computador ou dispositivo m\u00f3vel quando voc\u00ea visita um site. Cookies s\u00e3o amplamente usados para fazer os sites funcionarem, ou para funcionar de forma mais eficiente, al\u00e9m de fornecer informa\u00e7\u00f5es de relat\u00f3rio.<\/p>\n\n\n\n<h2 class=\"wp-block-heading\">2. Por que usamos cookies<\/h2>\n\n\n\n<p>Usamos cookies tanto de primeira parte quanto de terceiros por v\u00e1rios motivos. Alguns cookies s\u00e3o necess\u00e1rios por raz\u00f5es t\u00e9cnicas para que nosso site funcione, e nos referimos a esses cookies como &#8220;essenciais&#8221;. Outros nos ajudam a acompanhar o comportamento dos usu\u00e1rios, melhorar o desempenho e entregar conte\u00fados mais relevantes.<\/p>\n\n\n\n<p>Usamos cookies para:<\/p>\n\n\n\n<ul class=\"wp-block-list\">\n<li>Lembre-se de suas prefer\u00eancias e configura\u00e7\u00f5es<\/li>\n\n\n\n<li>Analisar o tr\u00e1fego e o desempenho do site<\/li>\n\n\n\n<li>Oferecer conte\u00fado personalizado<\/li>\n\n\n\n<li>Melhorar a experi\u00eancia geral do usu\u00e1rio<\/li>\n\n\n\n<li>Permitir a integra\u00e7\u00e3o com plataformas de m\u00eddia social<\/li>\n<\/ul>\n\n\n\n<h2 class=\"wp-block-heading\">3. Tipos de cookies que usamos<\/h2>\n\n\n\n<ul class=\"wp-block-list\">\n<li><strong>Cookies essenciais<\/strong>&nbsp;\u2013 Necess\u00e1rios para as fun\u00e7\u00f5es principais do site.<\/li>\n\n\n\n<li><strong>Cookies de desempenho e an\u00e1lises<\/strong>&nbsp;\u2013 Ajude-nos a entender como os usu\u00e1rios interagem com nosso site.<\/li>\n\n\n\n<li><strong>Cookies de funcionalidade<\/strong>&nbsp;\u2013 Lembre-se das escolhas e prefer\u00eancias do usu\u00e1rio.<\/li>\n\n\n\n<li><strong>Cookies de publicidade<\/strong>&nbsp;\u2013 Podem ser usados por servi\u00e7os de terceiros para exibir an\u00fancios personalizados com base em seus interesses.<\/li>\n<\/ul>\n\n\n\n<h2 class=\"wp-block-heading\">4. Cookies de Terceiros<\/h2>\n\n\n\n<p>Podemos usar servi\u00e7os de terceiros como Google Analytics ou redes de an\u00fancios que tamb\u00e9m colocam cookies em seu dispositivo para nos ajudar a melhorar nossos servi\u00e7os e entregar an\u00fancios mais relevantes para voc\u00ea. Esses cookies s\u00e3o regidos pelas suas pr\u00f3prias pol\u00edticas de privacidade.<\/p>\n\n\n\n<h2 class=\"wp-block-heading\">5. Como Controlar Cookies<\/h2>\n\n\n\n<p>Voc\u00ea tem o direito de decidir aceitar ou rejeitar cookies. Voc\u00ea pode configurar seu navegador para recusar todos ou alguns cookies do navegador, ou para alertar quando sites configurarem ou acessarem cookies.<\/p>\n\n\n\n<p>Por favor, observe que, se voc\u00ea optar por desativar os cookies, algumas partes do nosso site podem n\u00e3o funcionar corretamente.<\/p>\n\n\n\n<h2 class=\"wp-block-heading\">6. Altera\u00e7\u00f5es nesta Pol\u00edtica de Cookies<\/h2>\n\n\n\n<p>Podemos atualizar esta Pol\u00edtica de Cookies de tempos em tempos. Quaisquer altera\u00e7\u00f5es ser\u00e3o publicadas na p\u00e1gina com um dado atualizado neste topo.<\/p>\n\n\n\n<p><strong>\u00daltima atualiza\u00e7\u00e3o:<\/strong>&nbsp;19 de abril de 2026<\/p>\n\n\n\n<h2 class=\"wp-block-heading\">7. Entre em contato conosco<\/h2>\n\n\n\n<p>Se voc\u00ea tiver alguma d\u00favida sobre nosso uso de cookies, entre em contato conosco pelo seguinte endere\u00e7o: calmondivulgacoes@gmail.com<\/p>","protected":false},"excerpt":{"rendered":"<p>Pol\u00edtica de Cookies Esta Pol\u00edtica de Cookies explica como&nbsp;Calmon Divulga\u00e7\u00f5es&nbsp;(&nbsp;https:\/\/calmondivulgacoes.com.br) usa cookies e tecnologias semelhantes para reconhec\u00ea-lo quando voc\u00ea visita nosso site. Ele explica o que s\u00e3o essas tecnologias e por que as utilizamos, assim como seus direitos de controlar seu uso. 1. O que s\u00e3o cookies? Cookies s\u00e3o pequenos arquivos de dados colocados no [&hellip;]<\/p>\n","protected":false},"author":1,"featured_media":0,"parent":0,"menu_order":0,"comment_status":"closed","ping_status":"closed","template":"","meta":{"_uag_custom_page_level_css":"","_monsterinsights_skip_tracking":false,"_monsterinsights_sitenote_active":false,"_monsterinsights_sitenote_note":"","_monsterinsights_sitenote_category":0,"footnotes":""},"class_list":["post-3238","page","type-page","status-publish","hentry"],"yoast_head":"<!-- This site is optimized with the Yoast SEO plugin v27.4 - https:\/\/yoast.com\/product\/yoast-seo-wordpress\/ -->\n<title>Pol\u00edtica de Cookies - Calmon Divulga\u00e7\u00f5es<\/title>\n<meta name=\"robots\" content=\"index, follow, max-snippet:-1, max-image-preview:large, max-video-preview:-1\" \/>\n<link rel=\"canonical\" href=\"https:\/\/calmondivulgacoes.com.br\/en\/politica-de-cookies\/\" \/>\n<meta property=\"og:locale\" content=\"en_US\" \/>\n<meta property=\"og:type\" content=\"article\" \/>\n<meta property=\"og:title\" content=\"Pol\u00edtica de Cookies - Calmon Divulga\u00e7\u00f5es\" \/>\n<meta property=\"og:description\" content=\"Pol\u00edtica de Cookies Esta Pol\u00edtica de Cookies explica como&nbsp;Calmon Divulga\u00e7\u00f5es&nbsp;(&nbsp;https:\/\/calmondivulgacoes.com.br) usa cookies e tecnologias semelhantes para reconhec\u00ea-lo quando voc\u00ea visita nosso site. Ele explica o que s\u00e3o essas tecnologias e por que as utilizamos, assim como seus direitos de controlar seu uso. 1. O que s\u00e3o cookies? Cookies s\u00e3o pequenos arquivos de dados colocados no [&hellip;]\" \/>\n<meta property=\"og:url\" content=\"https:\/\/calmondivulgacoes.com.br\/en\/politica-de-cookies\/\" \/>\n<meta property=\"og:site_name\" content=\"Calmon Divulga\u00e7\u00f5es\" \/>\n<meta property=\"article:publisher\" content=\"https:\/\/www.facebook.com\/calmondivulgacoes\" \/>\n<meta property=\"article:modified_time\" content=\"2026-04-19T03:11:49+00:00\" \/>\n<meta name=\"twitter:card\" content=\"summary_large_image\" \/>\n<meta name=\"twitter:label1\" content=\"Est. reading time\" \/>\n\t<meta name=\"twitter:data1\" content=\"3 minutes\" \/>\n<script type=\"application\/ld+json\" class=\"yoast-schema-graph\">{\"@context\":\"https:\\\/\\\/schema.org\",\"@graph\":[{\"@type\":\"WebPage\",\"@id\":\"https:\\\/\\\/calmondivulgacoes.com.br\\\/politica-de-cookies\\\/\",\"url\":\"https:\\\/\\\/calmondivulgacoes.com.br\\\/politica-de-cookies\\\/\",\"name\":\"Pol\u00edtica de Cookies - Calmon Divulga\u00e7\u00f5es\",\"isPartOf\":{\"@id\":\"https:\\\/\\\/calmondivulgacoes.com.br\\\/#website\"},\"datePublished\":\"2026-04-19T03:11:45+00:00\",\"dateModified\":\"2026-04-19T03:11:49+00:00\",\"breadcrumb\":{\"@id\":\"https:\\\/\\\/calmondivulgacoes.com.br\\\/politica-de-cookies\\\/#breadcrumb\"},\"inLanguage\":\"en-US\",\"potentialAction\":[{\"@type\":\"ReadAction\",\"target\":[\"https:\\\/\\\/calmondivulgacoes.com.br\\\/politica-de-cookies\\\/\"]}]},{\"@type\":\"BreadcrumbList\",\"@id\":\"https:\\\/\\\/calmondivulgacoes.com.br\\\/politica-de-cookies\\\/#breadcrumb\",\"itemListElement\":[{\"@type\":\"ListItem\",\"position\":1,\"name\":\"In\u00edcio\",\"item\":\"https:\\\/\\\/calmondivulgacoes.com.br\\\/\"},{\"@type\":\"ListItem\",\"position\":2,\"name\":\"Pol\u00edtica de Cookies\"}]},{\"@type\":\"WebSite\",\"@id\":\"https:\\\/\\\/calmondivulgacoes.com.br\\\/#website\",\"url\":\"https:\\\/\\\/calmondivulgacoes.com.br\\\/\",\"name\":\"Calmon Divulga\u00e7\u00f5es\",\"description\":\"e Not\u00edcias\",\"publisher\":{\"@id\":\"https:\\\/\\\/calmondivulgacoes.com.br\\\/#organization\"},\"potentialAction\":[{\"@type\":\"SearchAction\",\"target\":{\"@type\":\"EntryPoint\",\"urlTemplate\":\"https:\\\/\\\/calmondivulgacoes.com.br\\\/?s={search_term_string}\"},\"query-input\":{\"@type\":\"PropertyValueSpecification\",\"valueRequired\":true,\"valueName\":\"search_term_string\"}}],\"inLanguage\":\"en-US\"},{\"@type\":\"Organization\",\"@id\":\"https:\\\/\\\/calmondivulgacoes.com.br\\\/#organization\",\"name\":\"Calmon Divulga\u00e7\u00f5es\",\"url\":\"https:\\\/\\\/calmondivulgacoes.com.br\\\/\",\"logo\":{\"@type\":\"ImageObject\",\"inLanguage\":\"en-US\",\"@id\":\"https:\\\/\\\/calmondivulgacoes.com.br\\\/#\\\/schema\\\/logo\\\/image\\\/\",\"url\":\"https:\\\/\\\/calmondivulgacoes.com.br\\\/wp-content\\\/uploads\\\/2026\\\/04\\\/cropped-WhatsApp_Image_2025-12-02_at_20.44.08-removebg-preview.png\",\"contentUrl\":\"https:\\\/\\\/calmondivulgacoes.com.br\\\/wp-content\\\/uploads\\\/2026\\\/04\\\/cropped-WhatsApp_Image_2025-12-02_at_20.44.08-removebg-preview.png\",\"width\":120,\"height\":120,\"caption\":\"Calmon Divulga\u00e7\u00f5es\"},\"image\":{\"@id\":\"https:\\\/\\\/calmondivulgacoes.com.br\\\/#\\\/schema\\\/logo\\\/image\\\/\"},\"sameAs\":[\"https:\\\/\\\/www.facebook.com\\\/calmondivulgacoes\",\"https:\\\/\\\/www.instagram.com\\\/calmondivulgacoes\\\/\"]}]}<\/script>\n<!-- \/ Yoast SEO plugin. -->","yoast_head_json":{"title":"Pol\u00edtica de Cookies - Calmon Divulga\u00e7\u00f5es","robots":{"index":"index","follow":"follow","max-snippet":"max-snippet:-1","max-image-preview":"max-image-preview:large","max-video-preview":"max-video-preview:-1"},"canonical":"https:\/\/calmondivulgacoes.com.br\/en\/politica-de-cookies\/","og_locale":"en_US","og_type":"article","og_title":"Pol\u00edtica de Cookies - Calmon Divulga\u00e7\u00f5es","og_description":"Pol\u00edtica de Cookies Esta Pol\u00edtica de Cookies explica como&nbsp;Calmon Divulga\u00e7\u00f5es&nbsp;(&nbsp;https:\/\/calmondivulgacoes.com.br) usa cookies e tecnologias semelhantes para reconhec\u00ea-lo quando voc\u00ea visita nosso site. Ele explica o que s\u00e3o essas tecnologias e por que as utilizamos, assim como seus direitos de controlar seu uso. 1. O que s\u00e3o cookies? Cookies s\u00e3o pequenos arquivos de dados colocados no [&hellip;]","og_url":"https:\/\/calmondivulgacoes.com.br\/en\/politica-de-cookies\/","og_site_name":"Calmon Divulga\u00e7\u00f5es","article_publisher":"https:\/\/www.facebook.com\/calmondivulgacoes","article_modified_time":"2026-04-19T03:11:49+00:00","twitter_card":"summary_large_image","twitter_misc":{"Est. reading time":"3 minutes"},"schema":{"@context":"https:\/\/schema.org","@graph":[{"@type":"WebPage","@id":"https:\/\/calmondivulgacoes.com.br\/politica-de-cookies\/","url":"https:\/\/calmondivulgacoes.com.br\/politica-de-cookies\/","name":"Pol\u00edtica de Cookies - Calmon Divulga\u00e7\u00f5es","isPartOf":{"@id":"https:\/\/calmondivulgacoes.com.br\/#website"},"datePublished":"2026-04-19T03:11:45+00:00","dateModified":"2026-04-19T03:11:49+00:00","breadcrumb":{"@id":"https:\/\/calmondivulgacoes.com.br\/politica-de-cookies\/#breadcrumb"},"inLanguage":"en-US","potentialAction":[{"@type":"ReadAction","target":["https:\/\/calmondivulgacoes.com.br\/politica-de-cookies\/"]}]},{"@type":"BreadcrumbList","@id":"https:\/\/calmondivulgacoes.com.br\/politica-de-cookies\/#breadcrumb","itemListElement":[{"@type":"ListItem","position":1,"name":"In\u00edcio","item":"https:\/\/calmondivulgacoes.com.br\/"},{"@type":"ListItem","position":2,"name":"Pol\u00edtica de Cookies"}]},{"@type":"WebSite","@id":"https:\/\/calmondivulgacoes.com.br\/#website","url":"https:\/\/calmondivulgacoes.com.br\/","name":"Calmon Divulga\u00e7\u00f5es","description":"e Not\u00edcias","publisher":{"@id":"https:\/\/calmondivulgacoes.com.br\/#organization"},"potentialAction":[{"@type":"SearchAction","target":{"@type":"EntryPoint","urlTemplate":"https:\/\/calmondivulgacoes.com.br\/?s={search_term_string}"},"query-input":{"@type":"PropertyValueSpecification","valueRequired":true,"valueName":"search_term_string"}}],"inLanguage":"en-US"},{"@type":"Organization","@id":"https:\/\/calmondivulgacoes.com.br\/#organization","name":"Calmon Divulga\u00e7\u00f5es","url":"https:\/\/calmondivulgacoes.com.br\/","logo":{"@type":"ImageObject","inLanguage":"en-US","@id":"https:\/\/calmondivulgacoes.com.br\/#\/schema\/logo\/image\/","url":"https:\/\/calmondivulgacoes.com.br\/wp-content\/uploads\/2026\/04\/cropped-WhatsApp_Image_2025-12-02_at_20.44.08-removebg-preview.png","contentUrl":"https:\/\/calmondivulgacoes.com.br\/wp-content\/uploads\/2026\/04\/cropped-WhatsApp_Image_2025-12-02_at_20.44.08-removebg-preview.png","width":120,"height":120,"caption":"Calmon Divulga\u00e7\u00f5es"},"image":{"@id":"https:\/\/calmondivulgacoes.com.br\/#\/schema\/logo\/image\/"},"sameAs":["https:\/\/www.facebook.com\/calmondivulgacoes","https:\/\/www.instagram.com\/calmondivulgacoes\/"]}]}},"_hostinger_reach_plugin_has_subscription_block":false,"_hostinger_reach_plugin_is_elementor":false,"uagb_featured_image_src":{"full":false,"thumbnail":false,"medium":false,"medium_large":false,"large":false,"1536x1536":false,"2048x2048":false,"trp-custom-language-flag":false,"cvmm-medium":false,"cvmm-medium-plus":false,"cvmm-portrait":false,"cvmm-medium-square":false,"cvmm-large":false,"cvmm-small":false},"uagb_author_info":{"display_name":"Calmon Divulga\u00e7\u00f5es","author_link":"https:\/\/calmondivulgacoes.com.br\/en\/autor\/calmondivulgacoesgmail-com\/"},"uagb_comment_info":0,"uagb_excerpt":"Pol\u00edtica de Cookies Esta Pol\u00edtica de Cookies explica como&nbsp;Calmon Divulga\u00e7\u00f5es&nbsp;(&nbsp;https:\/\/calmondivulgacoes.com.br) usa cookies e tecnologias semelhantes para reconhec\u00ea-lo quando voc\u00ea visita nosso site. Ele explica o que s\u00e3o essas tecnologias e por que as utilizamos, assim como seus direitos de controlar seu uso. 1. O que s\u00e3o cookies? Cookies s\u00e3o pequenos arquivos de dados colocados no&hellip;","blog_post_layout_featured_media_urls":{"thumbnail":"","full":""},"categories_names":null,"comments_number":"0","wpmagazine_modules_lite_featured_media_urls":{"thumbnail":"","cvmm-medium":"","cvmm-medium-plus":"","cvmm-portrait":"","cvmm-medium-square":"","cvmm-large":"","cvmm-small":"","full":""},"_links":{"self":[{"href":"https:\/\/calmondivulgacoes.com.br\/en\/wp-json\/wp\/v2\/pages\/3238","targetHints":{"allow":["GET"]}}],"collection":[{"href":"https:\/\/calmondivulgacoes.com.br\/en\/wp-json\/wp\/v2\/pages"}],"about":[{"href":"https:\/\/calmondivulgacoes.com.br\/en\/wp-json\/wp\/v2\/types\/page"}],"author":[{"embeddable":true,"href":"https:\/\/calmondivulgacoes.com.br\/en\/wp-json\/wp\/v2\/users\/1"}],"replies":[{"embeddable":true,"href":"https:\/\/calmondivulgacoes.com.br\/en\/wp-json\/wp\/v2\/comments?post=3238"}],"version-history":[{"count":1,"href":"https:\/\/calmondivulgacoes.com.br\/en\/wp-json\/wp\/v2\/pages\/3238\/revisions"}],"predecessor-version":[{"id":3241,"href":"https:\/\/calmondivulgacoes.com.br\/en\/wp-json\/wp\/v2\/pages\/3238\/revisions\/3241"}],"wp:attachment":[{"href":"https:\/\/calmondivulgacoes.com.br\/en\/wp-json\/wp\/v2\/media?parent=3238"}],"curies":[{"name":"wp","href":"https:\/\/api.w.org\/{rel}","templated":true}]}}