{"id":2802,"date":"2026-04-12T01:07:41","date_gmt":"2026-04-12T01:07:41","guid":{"rendered":"https:\/\/calmondivulgacoes.com.br\/?page_id=2802"},"modified":"2026-04-15T01:03:33","modified_gmt":"2026-04-15T04:03:33","slug":"sobre-nos","status":"publish","type":"page","link":"https:\/\/calmondivulgacoes.com.br\/en\/sobre-nos\/","title":{"rendered":"Sobre n\u00f3s"},"content":{"rendered":"<p>O <strong>@calmondivulga\u00e7\u00f5es<\/strong> \u00e9 uma plataforma de comunica\u00e7\u00e3o e informa\u00e7\u00e3o criada em <strong>novembro de 2025<\/strong>, com o prop\u00f3sito de levar not\u00edcias, divulga\u00e7\u00f5es e conte\u00fados de interesse p\u00fablico \u00e0 popula\u00e7\u00e3o de <strong>Miguel Calmon e regi\u00e3o<\/strong>.<\/p>\n\n\n\n<p>Com atua\u00e7\u00e3o voltada para o jornalismo local e a comunica\u00e7\u00e3o comunit\u00e1ria, o portal re\u00fane conte\u00fados nas \u00e1reas de <strong>not\u00edcias, pol\u00edtica, esporte, entretenimento, cobertura de eventos, utilidade p\u00fablica e divulga\u00e7\u00e3o comercial<\/strong>.<\/p>\n\n\n\n<p>Al\u00e9m da informa\u00e7\u00e3o jornal\u00edstica, o @calmondivulga\u00e7\u00f5es tamb\u00e9m oferece espa\u00e7o para <strong>empresas, prestadores de servi\u00e7os, profissionais liberais e organizadores de eventos<\/strong>, fortalecendo a economia local e ampliando a visibilidade de marcas e iniciativas da regi\u00e3o.<\/p>\n\n\n\n<p>Nosso compromisso \u00e9 levar informa\u00e7\u00e3o com <strong>responsabilidade, credibilidade e proximidade com a comunidade<\/strong>, valorizando os fatos que impactam o dia a dia da popula\u00e7\u00e3o.<\/p>","protected":false},"excerpt":{"rendered":"<p>O @calmondivulga\u00e7\u00f5es \u00e9 uma plataforma de comunica\u00e7\u00e3o e informa\u00e7\u00e3o criada em novembro de 2025, com o prop\u00f3sito de levar not\u00edcias, divulga\u00e7\u00f5es e conte\u00fados de interesse p\u00fablico \u00e0 popula\u00e7\u00e3o de Miguel Calmon e regi\u00e3o. Com atua\u00e7\u00e3o voltada para o jornalismo local e a comunica\u00e7\u00e3o comunit\u00e1ria, o portal re\u00fane conte\u00fados nas \u00e1reas de not\u00edcias, pol\u00edtica, esporte, entretenimento, [&hellip;]<\/p>\n","protected":false},"author":1,"featured_media":0,"parent":0,"menu_order":0,"comment_status":"closed","ping_status":"closed","template":"","meta":{"_uag_custom_page_level_css":"","_monsterinsights_skip_tracking":false,"_monsterinsights_sitenote_active":false,"_monsterinsights_sitenote_note":"","_monsterinsights_sitenote_category":0,"footnotes":""},"class_list":["post-2802","page","type-page","status-publish","hentry"],"yoast_head":"<!-- This site is optimized with the Yoast SEO plugin v27.4 - https:\/\/yoast.com\/product\/yoast-seo-wordpress\/ -->\n<title>Sobre n\u00f3s - Calmon Divulga\u00e7\u00f5es<\/title>\n<meta name=\"robots\" content=\"index, follow, max-snippet:-1, max-image-preview:large, max-video-preview:-1\" \/>\n<link rel=\"canonical\" href=\"https:\/\/calmondivulgacoes.com.br\/en\/sobre-nos\/\" \/>\n<meta property=\"og:locale\" content=\"en_US\" \/>\n<meta property=\"og:type\" content=\"article\" \/>\n<meta property=\"og:title\" content=\"Sobre n\u00f3s - Calmon Divulga\u00e7\u00f5es\" \/>\n<meta property=\"og:description\" content=\"O @calmondivulga\u00e7\u00f5es \u00e9 uma plataforma de comunica\u00e7\u00e3o e informa\u00e7\u00e3o criada em novembro de 2025, com o prop\u00f3sito de levar not\u00edcias, divulga\u00e7\u00f5es e conte\u00fados de interesse p\u00fablico \u00e0 popula\u00e7\u00e3o de Miguel Calmon e regi\u00e3o. Com atua\u00e7\u00e3o voltada para o jornalismo local e a comunica\u00e7\u00e3o comunit\u00e1ria, o portal re\u00fane conte\u00fados nas \u00e1reas de not\u00edcias, pol\u00edtica, esporte, entretenimento, [&hellip;]\" \/>\n<meta property=\"og:url\" content=\"https:\/\/calmondivulgacoes.com.br\/en\/sobre-nos\/\" \/>\n<meta property=\"og:site_name\" content=\"Calmon Divulga\u00e7\u00f5es\" \/>\n<meta property=\"article:publisher\" content=\"https:\/\/www.facebook.com\/calmondivulgacoes\" \/>\n<meta property=\"article:modified_time\" content=\"2026-04-15T04:03:33+00:00\" \/>\n<meta name=\"twitter:card\" content=\"summary_large_image\" \/>\n<meta name=\"twitter:label1\" content=\"Est. reading time\" \/>\n\t<meta name=\"twitter:data1\" content=\"1 minute\" \/>\n<script type=\"application\/ld+json\" class=\"yoast-schema-graph\">{\"@context\":\"https:\\\/\\\/schema.org\",\"@graph\":[{\"@type\":\"WebPage\",\"@id\":\"https:\\\/\\\/calmondivulgacoes.com.br\\\/sobre-nos\\\/\",\"url\":\"https:\\\/\\\/calmondivulgacoes.com.br\\\/sobre-nos\\\/\",\"name\":\"Sobre n\u00f3s - Calmon Divulga\u00e7\u00f5es\",\"isPartOf\":{\"@id\":\"https:\\\/\\\/calmondivulgacoes.com.br\\\/#website\"},\"datePublished\":\"2026-04-12T01:07:41+00:00\",\"dateModified\":\"2026-04-15T04:03:33+00:00\",\"breadcrumb\":{\"@id\":\"https:\\\/\\\/calmondivulgacoes.com.br\\\/sobre-nos\\\/#breadcrumb\"},\"inLanguage\":\"en-US\",\"potentialAction\":[{\"@type\":\"ReadAction\",\"target\":[\"https:\\\/\\\/calmondivulgacoes.com.br\\\/sobre-nos\\\/\"]}]},{\"@type\":\"BreadcrumbList\",\"@id\":\"https:\\\/\\\/calmondivulgacoes.com.br\\\/sobre-nos\\\/#breadcrumb\",\"itemListElement\":[{\"@type\":\"ListItem\",\"position\":1,\"name\":\"In\u00edcio\",\"item\":\"https:\\\/\\\/calmondivulgacoes.com.br\\\/\"},{\"@type\":\"ListItem\",\"position\":2,\"name\":\"Sobre n\u00f3s\"}]},{\"@type\":\"WebSite\",\"@id\":\"https:\\\/\\\/calmondivulgacoes.com.br\\\/#website\",\"url\":\"https:\\\/\\\/calmondivulgacoes.com.br\\\/\",\"name\":\"Calmon Divulga\u00e7\u00f5es\",\"description\":\"e Not\u00edcias\",\"publisher\":{\"@id\":\"https:\\\/\\\/calmondivulgacoes.com.br\\\/#organization\"},\"potentialAction\":[{\"@type\":\"SearchAction\",\"target\":{\"@type\":\"EntryPoint\",\"urlTemplate\":\"https:\\\/\\\/calmondivulgacoes.com.br\\\/?s={search_term_string}\"},\"query-input\":{\"@type\":\"PropertyValueSpecification\",\"valueRequired\":true,\"valueName\":\"search_term_string\"}}],\"inLanguage\":\"en-US\"},{\"@type\":\"Organization\",\"@id\":\"https:\\\/\\\/calmondivulgacoes.com.br\\\/#organization\",\"name\":\"Calmon Divulga\u00e7\u00f5es\",\"url\":\"https:\\\/\\\/calmondivulgacoes.com.br\\\/\",\"logo\":{\"@type\":\"ImageObject\",\"inLanguage\":\"en-US\",\"@id\":\"https:\\\/\\\/calmondivulgacoes.com.br\\\/#\\\/schema\\\/logo\\\/image\\\/\",\"url\":\"https:\\\/\\\/calmondivulgacoes.com.br\\\/wp-content\\\/uploads\\\/2026\\\/04\\\/cropped-WhatsApp_Image_2025-12-02_at_20.44.08-removebg-preview.png\",\"contentUrl\":\"https:\\\/\\\/calmondivulgacoes.com.br\\\/wp-content\\\/uploads\\\/2026\\\/04\\\/cropped-WhatsApp_Image_2025-12-02_at_20.44.08-removebg-preview.png\",\"width\":120,\"height\":120,\"caption\":\"Calmon Divulga\u00e7\u00f5es\"},\"image\":{\"@id\":\"https:\\\/\\\/calmondivulgacoes.com.br\\\/#\\\/schema\\\/logo\\\/image\\\/\"},\"sameAs\":[\"https:\\\/\\\/www.facebook.com\\\/calmondivulgacoes\",\"https:\\\/\\\/www.instagram.com\\\/calmondivulgacoes\\\/\"]}]}<\/script>\n<!-- \/ Yoast SEO plugin. -->","yoast_head_json":{"title":"Sobre n\u00f3s - Calmon Divulga\u00e7\u00f5es","robots":{"index":"index","follow":"follow","max-snippet":"max-snippet:-1","max-image-preview":"max-image-preview:large","max-video-preview":"max-video-preview:-1"},"canonical":"https:\/\/calmondivulgacoes.com.br\/en\/sobre-nos\/","og_locale":"en_US","og_type":"article","og_title":"Sobre n\u00f3s - Calmon Divulga\u00e7\u00f5es","og_description":"O @calmondivulga\u00e7\u00f5es \u00e9 uma plataforma de comunica\u00e7\u00e3o e informa\u00e7\u00e3o criada em novembro de 2025, com o prop\u00f3sito de levar not\u00edcias, divulga\u00e7\u00f5es e conte\u00fados de interesse p\u00fablico \u00e0 popula\u00e7\u00e3o de Miguel Calmon e regi\u00e3o. Com atua\u00e7\u00e3o voltada para o jornalismo local e a comunica\u00e7\u00e3o comunit\u00e1ria, o portal re\u00fane conte\u00fados nas \u00e1reas de not\u00edcias, pol\u00edtica, esporte, entretenimento, [&hellip;]","og_url":"https:\/\/calmondivulgacoes.com.br\/en\/sobre-nos\/","og_site_name":"Calmon Divulga\u00e7\u00f5es","article_publisher":"https:\/\/www.facebook.com\/calmondivulgacoes","article_modified_time":"2026-04-15T04:03:33+00:00","twitter_card":"summary_large_image","twitter_misc":{"Est. reading time":"1 minute"},"schema":{"@context":"https:\/\/schema.org","@graph":[{"@type":"WebPage","@id":"https:\/\/calmondivulgacoes.com.br\/sobre-nos\/","url":"https:\/\/calmondivulgacoes.com.br\/sobre-nos\/","name":"Sobre n\u00f3s - Calmon Divulga\u00e7\u00f5es","isPartOf":{"@id":"https:\/\/calmondivulgacoes.com.br\/#website"},"datePublished":"2026-04-12T01:07:41+00:00","dateModified":"2026-04-15T04:03:33+00:00","breadcrumb":{"@id":"https:\/\/calmondivulgacoes.com.br\/sobre-nos\/#breadcrumb"},"inLanguage":"en-US","potentialAction":[{"@type":"ReadAction","target":["https:\/\/calmondivulgacoes.com.br\/sobre-nos\/"]}]},{"@type":"BreadcrumbList","@id":"https:\/\/calmondivulgacoes.com.br\/sobre-nos\/#breadcrumb","itemListElement":[{"@type":"ListItem","position":1,"name":"In\u00edcio","item":"https:\/\/calmondivulgacoes.com.br\/"},{"@type":"ListItem","position":2,"name":"Sobre n\u00f3s"}]},{"@type":"WebSite","@id":"https:\/\/calmondivulgacoes.com.br\/#website","url":"https:\/\/calmondivulgacoes.com.br\/","name":"Calmon Divulga\u00e7\u00f5es","description":"e Not\u00edcias","publisher":{"@id":"https:\/\/calmondivulgacoes.com.br\/#organization"},"potentialAction":[{"@type":"SearchAction","target":{"@type":"EntryPoint","urlTemplate":"https:\/\/calmondivulgacoes.com.br\/?s={search_term_string}"},"query-input":{"@type":"PropertyValueSpecification","valueRequired":true,"valueName":"search_term_string"}}],"inLanguage":"en-US"},{"@type":"Organization","@id":"https:\/\/calmondivulgacoes.com.br\/#organization","name":"Calmon Divulga\u00e7\u00f5es","url":"https:\/\/calmondivulgacoes.com.br\/","logo":{"@type":"ImageObject","inLanguage":"en-US","@id":"https:\/\/calmondivulgacoes.com.br\/#\/schema\/logo\/image\/","url":"https:\/\/calmondivulgacoes.com.br\/wp-content\/uploads\/2026\/04\/cropped-WhatsApp_Image_2025-12-02_at_20.44.08-removebg-preview.png","contentUrl":"https:\/\/calmondivulgacoes.com.br\/wp-content\/uploads\/2026\/04\/cropped-WhatsApp_Image_2025-12-02_at_20.44.08-removebg-preview.png","width":120,"height":120,"caption":"Calmon Divulga\u00e7\u00f5es"},"image":{"@id":"https:\/\/calmondivulgacoes.com.br\/#\/schema\/logo\/image\/"},"sameAs":["https:\/\/www.facebook.com\/calmondivulgacoes","https:\/\/www.instagram.com\/calmondivulgacoes\/"]}]}},"_hostinger_reach_plugin_has_subscription_block":false,"_hostinger_reach_plugin_is_elementor":false,"uagb_featured_image_src":{"full":false,"thumbnail":false,"medium":false,"medium_large":false,"large":false,"1536x1536":false,"2048x2048":false,"trp-custom-language-flag":false,"cvmm-medium":false,"cvmm-medium-plus":false,"cvmm-portrait":false,"cvmm-medium-square":false,"cvmm-large":false,"cvmm-small":false},"uagb_author_info":{"display_name":"Calmon Divulga\u00e7\u00f5es","author_link":"https:\/\/calmondivulgacoes.com.br\/en\/autor\/calmondivulgacoesgmail-com\/"},"uagb_comment_info":0,"uagb_excerpt":"O @calmondivulga\u00e7\u00f5es \u00e9 uma plataforma de comunica\u00e7\u00e3o e informa\u00e7\u00e3o criada em novembro de 2025, com o prop\u00f3sito de levar not\u00edcias, divulga\u00e7\u00f5es e conte\u00fados de interesse p\u00fablico \u00e0 popula\u00e7\u00e3o de Miguel Calmon e regi\u00e3o. Com atua\u00e7\u00e3o voltada para o jornalismo local e a comunica\u00e7\u00e3o comunit\u00e1ria, o portal re\u00fane conte\u00fados nas \u00e1reas de not\u00edcias, pol\u00edtica, esporte, entretenimento,&hellip;","blog_post_layout_featured_media_urls":{"thumbnail":"","full":""},"categories_names":null,"comments_number":"0","wpmagazine_modules_lite_featured_media_urls":{"thumbnail":"","cvmm-medium":"","cvmm-medium-plus":"","cvmm-portrait":"","cvmm-medium-square":"","cvmm-large":"","cvmm-small":"","full":""},"_links":{"self":[{"href":"https:\/\/calmondivulgacoes.com.br\/en\/wp-json\/wp\/v2\/pages\/2802","targetHints":{"allow":["GET"]}}],"collection":[{"href":"https:\/\/calmondivulgacoes.com.br\/en\/wp-json\/wp\/v2\/pages"}],"about":[{"href":"https:\/\/calmondivulgacoes.com.br\/en\/wp-json\/wp\/v2\/types\/page"}],"author":[{"embeddable":true,"href":"https:\/\/calmondivulgacoes.com.br\/en\/wp-json\/wp\/v2\/users\/1"}],"replies":[{"embeddable":true,"href":"https:\/\/calmondivulgacoes.com.br\/en\/wp-json\/wp\/v2\/comments?post=2802"}],"version-history":[{"count":1,"href":"https:\/\/calmondivulgacoes.com.br\/en\/wp-json\/wp\/v2\/pages\/2802\/revisions"}],"predecessor-version":[{"id":2803,"href":"https:\/\/calmondivulgacoes.com.br\/en\/wp-json\/wp\/v2\/pages\/2802\/revisions\/2803"}],"wp:attachment":[{"href":"https:\/\/calmondivulgacoes.com.br\/en\/wp-json\/wp\/v2\/media?parent=2802"}],"curies":[{"name":"wp","href":"https:\/\/api.w.org\/{rel}","templated":true}]}}